{"id":4838,"date":"2025-11-13T11:26:03","date_gmt":"2025-11-13T11:26:03","guid":{"rendered":"https:\/\/ilcamminodellapace.it\/guia-del-peregrino\/"},"modified":"2026-01-19T15:18:51","modified_gmt":"2026-01-19T15:18:51","slug":"guia-del-peregrino","status":"publish","type":"page","link":"https:\/\/ilcamminodellapace.it\/es\/guia-del-peregrino\/","title":{"rendered":"Gu\u00eda del Peregrino"},"content":{"rendered":"\t\t<div data-elementor-type=\"wp-page\" data-elementor-id=\"4838\" class=\"elementor elementor-4838 elementor-1175\" data-elementor-post-type=\"page\">\n\t\t\t\t<div class=\"elementor-element elementor-element-4aaf1bf1 e-flex e-con-boxed e-con e-parent\" data-id=\"4aaf1bf1\" data-element_type=\"container\" data-e-type=\"container\">\n\t\t\t\t\t<div class=\"e-con-inner\">\n\t\t\t\t<div class=\"elementor-element elementor-element-795be10 elementor-widget elementor-widget-ucaddon_side_border_heading\" data-id=\"795be10\" data-element_type=\"widget\" data-e-type=\"widget\" data-widget_type=\"ucaddon_side_border_heading.default\">\n\t\t\t\t<div class=\"elementor-widget-container\">\n\t\t\t\t\t\n<!-- start Side Line Heading -->\n<style>\/* widget: Side Line Heading *\/\n\n#uc_side_border_heading_elementor_795be10\n{\n  display:flex;\n}\n\n#uc_side_border_heading_elementor_795be10 .side_border_heading_title\n{\n  color:black;\n}\n\n#uc_side_border_heading_elementor_795be10 .side_border_heading_subtitle\n{\n  line-height:1.5em;\n  color:gray;\n}\n#uc_side_border_heading_elementor_795be10 .side_border_heading_line_holder{\nflex-shrink: 0;\n}\n\n#uc_side_border_heading_elementor_795be10 .side_border_heading_line_spacer{\nflex-shrink: 0;\n}\n\n<\/style>\n\n<div id=\"uc_side_border_heading_elementor_795be10\">\n  <div class=\"side_border_heading_line_holder\"><div class=\"side_border_heading_line\" style=\"background-color:#1F4361;\"><\/div><\/div>\n  <div class=\"side_border_heading_line_spacer\"><\/div>\n  <div>\n    <div class=\"side_border_heading_title\"><span  class=\"uc_style_side_border_heading_elementor_title\" style=\"color:#1F4361;\">Gu\u00eda del Peregrino<\/span><\/div>\n    <div class=\"side_border_heading_subtitle\"><\/div>\n  <\/div>\n<\/div>\n<!-- end Side Line Heading -->\t\t\t\t<\/div>\n\t\t\t\t<\/div>\n\t\t<div class=\"elementor-element elementor-element-ff67a3e e-con-full elementor-hidden-mobile elementor-hidden-tablet e-flex e-con e-child\" data-id=\"ff67a3e\" data-element_type=\"container\" data-e-type=\"container\">\n\t\t<div class=\"elementor-element elementor-element-3fb57e3 e-con-full e-flex e-con e-child\" data-id=\"3fb57e3\" data-element_type=\"container\" data-e-type=\"container\">\n\t\t\t\t<div class=\"elementor-element elementor-element-39b2d5ef elementor-widget elementor-widget-text-editor\" data-id=\"39b2d5ef\" data-element_type=\"widget\" data-e-type=\"widget\" data-widget_type=\"text-editor.default\">\n\t\t\t\t\t\t\t\t\t<p>La Gu\u00eda del Camino de la Paz es una herramienta pr\u00e1ctica, de bolsillo y de f\u00e1cil consulta, disponible a un precio asequible, que los peregrinos pueden llevar consigo para descubrir todas las maravillas de una ruta \u00fanica y extraordinaria. La primera parte contiene estudios en profundidad sobre los aspectos hist\u00f3ricos y culturales del Camino, unos breves ensayos que relatan la milenaria presencia humana a lo largo de la ruta: trashumancia y reba\u00f1os de ovejas, hermetismo y monacato, santuarios y lugares de culto, con un rico aparato fotogr\u00e1fico.<br>La segunda parte, por su parte, ilustra una a una las 29 etapas (+ las 3 etapas de la \u00abvariante de monta\u00f1a\u00bb), describiendo sus rasgos m\u00e1s destacados, sus caracter\u00edsticas plano-altim\u00e9tricas y los principales puntos de inter\u00e9s; para cada etapa hay un mapa detallado, creado a partir de Google, y enfoques especiales sobre las emergencias culturales m\u00e1s importantes, as\u00ed como breves notas sobre los municipios que acogen las etapas. Al final del volumen hay noticias \u00fatiles, recomendaciones, consejos y sugerencias para quienes emprendan el camino. La Gu\u00eda es una herramienta indispensable que, junto con la App (que te permite tener georreferenciadas todas las etapas en tu smartphone), acompa\u00f1ar\u00e1 al peregrino desde la salida hasta la llegada.   <\/p>\t\t\t\t\t\t\t\t<\/div>\n\t\t\t\t<div class=\"elementor-element elementor-element-f18f389 elementor-align-center elementor-widget elementor-widget-button\" data-id=\"f18f389\" data-element_type=\"widget\" data-e-type=\"widget\" data-widget_type=\"button.default\">\n\t\t\t\t\t\t\t\t\t\t<a class=\"elementor-button elementor-button-link elementor-size-sm\" href=\"https:\/\/www.edizioniilviandante.it\/prodotto\/cammino-della-pace\/\" target=\"_blank\">\n\t\t\t\t\t\t<span class=\"elementor-button-content-wrapper\">\n\t\t\t\t\t\t\t\t\t<span class=\"elementor-button-text\">COMPRA LA GU\u00cdA EN EL SITIO WEB DE LA EDITORIAL<\/span>\n\t\t\t\t\t<\/span>\n\t\t\t\t\t<\/a>\n\t\t\t\t\t\t\t\t<\/div>\n\t\t\t\t<\/div>\n\t\t<div class=\"elementor-element elementor-element-b0ae6ce e-con-full e-flex e-con e-child\" data-id=\"b0ae6ce\" data-element_type=\"container\" data-e-type=\"container\" data-settings=\"{&quot;background_background&quot;:&quot;classic&quot;}\">\n\t\t\t\t<\/div>\n\t\t\t\t<\/div>\n\t\t<div class=\"elementor-element elementor-element-d1bb9a4 e-con-full elementor-hidden-desktop e-flex e-con e-child\" data-id=\"d1bb9a4\" data-element_type=\"container\" data-e-type=\"container\">\n\t\t\t\t<div class=\"elementor-element elementor-element-041902e elementor-widget elementor-widget-text-editor\" data-id=\"041902e\" data-element_type=\"widget\" data-e-type=\"widget\" data-widget_type=\"text-editor.default\">\n\t\t\t\t\t\t\t\t\t<p>La Gu\u00eda del Camino de la Paz es una herramienta \u00e1gil, de bolsillo y de f\u00e1cil consulta, disponible a un precio asequible, que los peregrinos pueden llevar consigo para descubrir todas las maravillas de una ruta \u00fanica y extraordinaria. La primera parte contiene estudios en profundidad sobre los aspectos hist\u00f3ricos y culturales del Camino, unos breves ensayos que relatan la milenaria presencia humana a lo largo de la ruta: trashumancia y reba\u00f1os de ovejas, hermetismo y monacato, santuarios y lugares de culto, con un rico aparato fotogr\u00e1fico.<br>La segunda parte, por su parte, ilustra una a una las 29 etapas (+ las 3 etapas de la \u00abvariante de monta\u00f1a\u00bb), describiendo sus rasgos m\u00e1s destacados, sus caracter\u00edsticas plano-altim\u00e9tricas y los principales puntos de inter\u00e9s; para cada etapa hay un mapa detallado, creado a partir de Google, y enfoques especiales sobre las emergencias culturales m\u00e1s importantes, as\u00ed como breves notas sobre los municipios que acogen las etapas. Al final del volumen hay noticias \u00fatiles, recomendaciones, consejos y sugerencias para quienes emprendan el camino. La Gu\u00eda es una herramienta indispensable que, junto con la App (que te permite tener georreferenciadas todas las etapas en tu smartphone), acompa\u00f1ar\u00e1 al peregrino desde la salida hasta la llegada.   <\/p>\t\t\t\t\t\t\t\t<\/div>\n\t\t\t\t<div class=\"elementor-element elementor-element-9435f5e elementor-align-center elementor-widget elementor-widget-button\" data-id=\"9435f5e\" data-element_type=\"widget\" data-e-type=\"widget\" data-widget_type=\"button.default\">\n\t\t\t\t\t\t\t\t\t\t<a class=\"elementor-button elementor-button-link elementor-size-sm\" href=\"https:\/\/www.edizioniilviandante.it\/prodotto\/cammino-della-pace\/\" target=\"_blank\">\n\t\t\t\t\t\t<span class=\"elementor-button-content-wrapper\">\n\t\t\t\t\t\t\t\t\t<span class=\"elementor-button-text\">COMPRA LA GU\u00cdA EN EL SITIO WEB DE LA EDITORIAL<\/span>\n\t\t\t\t\t<\/span>\n\t\t\t\t\t<\/a>\n\t\t\t\t\t\t\t\t<\/div>\n\t\t\t\t<div class=\"elementor-element elementor-element-6c681bd elementor-widget elementor-widget-image\" data-id=\"6c681bd\" data-element_type=\"widget\" data-e-type=\"widget\" data-widget_type=\"image.default\">\n\t\t\t\t\t\t\t\t\t\t\t\t\t\t\t<img fetchpriority=\"high\" decoding=\"async\" width=\"552\" height=\"849\" src=\"https:\/\/ilcamminodellapace.it\/wp-content\/uploads\/2025\/11\/Copertina-guida-cammino.jpg\" class=\"attachment-large size-large wp-image-4840\" alt=\"\" srcset=\"https:\/\/ilcamminodellapace.it\/wp-content\/uploads\/2025\/11\/Copertina-guida-cammino.jpg 552w, https:\/\/ilcamminodellapace.it\/wp-content\/uploads\/2025\/11\/Copertina-guida-cammino-195x300.jpg 195w\" sizes=\"(max-width: 552px) 100vw, 552px\" \/>\t\t\t\t\t\t\t\t\t\t\t\t\t\t\t<\/div>\n\t\t\t\t<div class=\"elementor-element elementor-element-816394a elementor-widget elementor-widget-text-editor\" data-id=\"816394a\" data-element_type=\"widget\" data-e-type=\"widget\" data-widget_type=\"text-editor.default\">\n\t\t\t\t\t\t\t\t\t<p>La segunda parte, en cambio, contiene estudios en profundidad sobre los aspectos hist\u00f3ricos y culturales del Cammino, con algunos ensayos breves que relatan la milenaria presencia humana a lo largo de la ruta: trashumancia y reba\u00f1os de ovejas, hermetismo y monacato, santuarios y lugares de culto, con un rico aparato fotogr\u00e1fico.<\/p><p>Al final del libro hay noticias \u00fatiles, recomendaciones, consejos y sugerencias para los que se ponen en marcha.<\/p><p>La Gu\u00eda es una herramienta indispensable que, junto con la App (que te permite tener georreferenciadas todas las etapas en tu smartphone), acompa\u00f1ar\u00e1 al peregrino desde la salida hasta la llegada.<\/p><p>La Gu\u00eda de la Paz, de 316 p\u00e1ginas y formato 13&#215;20, ha sido publicada por Edizioni Il Viandante y <a href=\"https:\/\/www.edizioniilviandante.it\/prodotto\/cammino-della-pace\/\" target=\"_blank\" rel=\"noopener\">puede adquirirse directamente en el sitio web de la editorial al precio de 20,00 euros.<\/a><\/p>\t\t\t\t\t\t\t\t<\/div>\n\t\t\t\t<\/div>\n\t\t\t\t\t<\/div>\n\t\t\t\t<\/div>\n\t\t\t\t<\/div>\n\t\t","protected":false},"excerpt":{"rendered":"<p>La Gu\u00eda del Camino de la Paz es una herramienta pr\u00e1ctica, de bolsillo y de f\u00e1cil consulta, disponible a un precio asequible, que los peregrinos pueden llevar consigo para descubrir todas las maravillas de una ruta \u00fanica y extraordinaria. La primera parte contiene estudios en profundidad sobre los aspectos hist\u00f3ricos y culturales del Camino, unos [&hellip;]<\/p>\n","protected":false},"author":2,"featured_media":4839,"parent":0,"menu_order":0,"comment_status":"closed","ping_status":"closed","template":"","meta":{"_acf_changed":false,"footnotes":""},"class_list":["post-4838","page","type-page","status-publish","has-post-thumbnail","hentry"],"acf":[],"_links":{"self":[{"href":"https:\/\/ilcamminodellapace.it\/es\/wp-json\/wp\/v2\/pages\/4838","targetHints":{"allow":["GET"]}}],"collection":[{"href":"https:\/\/ilcamminodellapace.it\/es\/wp-json\/wp\/v2\/pages"}],"about":[{"href":"https:\/\/ilcamminodellapace.it\/es\/wp-json\/wp\/v2\/types\/page"}],"author":[{"embeddable":true,"href":"https:\/\/ilcamminodellapace.it\/es\/wp-json\/wp\/v2\/users\/2"}],"replies":[{"embeddable":true,"href":"https:\/\/ilcamminodellapace.it\/es\/wp-json\/wp\/v2\/comments?post=4838"}],"version-history":[{"count":3,"href":"https:\/\/ilcamminodellapace.it\/es\/wp-json\/wp\/v2\/pages\/4838\/revisions"}],"predecessor-version":[{"id":4850,"href":"https:\/\/ilcamminodellapace.it\/es\/wp-json\/wp\/v2\/pages\/4838\/revisions\/4850"}],"wp:featuredmedia":[{"embeddable":true,"href":"https:\/\/ilcamminodellapace.it\/es\/wp-json\/wp\/v2\/media\/4839"}],"wp:attachment":[{"href":"https:\/\/ilcamminodellapace.it\/es\/wp-json\/wp\/v2\/media?parent=4838"}],"curies":[{"name":"wp","href":"https:\/\/api.w.org\/{rel}","templated":true}]}}