{"id":5011,"date":"2025-11-13T14:26:06","date_gmt":"2025-11-13T14:26:06","guid":{"rendered":"https:\/\/ilcamminodellapace.it\/transparencia\/"},"modified":"2026-01-19T15:19:16","modified_gmt":"2026-01-19T15:19:16","slug":"transparencia","status":"publish","type":"page","link":"https:\/\/ilcamminodellapace.it\/es\/transparencia\/","title":{"rendered":"Transparencia"},"content":{"rendered":"\t\t<div data-elementor-type=\"wp-page\" data-elementor-id=\"5011\" class=\"elementor elementor-5011 elementor-1218\" data-elementor-post-type=\"page\">\n\t\t\t\t<div class=\"elementor-element elementor-element-c62c89d e-flex e-con-boxed e-con e-parent\" data-id=\"c62c89d\" data-element_type=\"container\" data-e-type=\"container\">\n\t\t\t\t\t<div class=\"e-con-inner\">\n\t\t\t\t<div class=\"elementor-element elementor-element-f199f06 elementor-widget elementor-widget-ucaddon_side_border_heading\" data-id=\"f199f06\" data-element_type=\"widget\" data-e-type=\"widget\" data-widget_type=\"ucaddon_side_border_heading.default\">\n\t\t\t\t<div class=\"elementor-widget-container\">\n\t\t\t\t\t\n<!-- start Side Line Heading -->\n<style>\/* widget: Side Line Heading *\/\n\n#uc_side_border_heading_elementor_f199f06\n{\n  display:flex;\n}\n\n#uc_side_border_heading_elementor_f199f06 .side_border_heading_title\n{\n  color:black;\n}\n\n#uc_side_border_heading_elementor_f199f06 .side_border_heading_subtitle\n{\n  line-height:1.5em;\n  color:gray;\n}\n#uc_side_border_heading_elementor_f199f06 .side_border_heading_line_holder{\nflex-shrink: 0;\n}\n\n#uc_side_border_heading_elementor_f199f06 .side_border_heading_line_spacer{\nflex-shrink: 0;\n}\n\n<\/style>\n\n<div id=\"uc_side_border_heading_elementor_f199f06\">\n  <div class=\"side_border_heading_line_holder\"><div class=\"side_border_heading_line\" style=\"background-color:#1F4361;\"><\/div><\/div>\n  <div class=\"side_border_heading_line_spacer\"><\/div>\n  <div>\n    <div class=\"side_border_heading_title\"><span  class=\"uc_style_side_border_heading_elementor_title\" style=\"color:#1F4361;\">Transparencia<\/span><\/div>\n    <div class=\"side_border_heading_subtitle\"><\/div>\n  <\/div>\n<\/div>\n<!-- end Side Line Heading -->\t\t\t\t<\/div>\n\t\t\t\t<\/div>\n\t\t<div class=\"elementor-element elementor-element-494bc8d e-grid e-con-full e-con e-child\" data-id=\"494bc8d\" data-element_type=\"container\" data-e-type=\"container\">\n\t\t\t\t<div class=\"elementor-element elementor-element-0376937 elementor-widget elementor-widget-text-editor\" data-id=\"0376937\" data-element_type=\"widget\" data-e-type=\"widget\" data-widget_type=\"text-editor.default\">\n\t\t\t\t\t\t\t\t\t<p><strong>OBLIGACIONES DE TRANSPARENCIA VINCULADAS<br>A LA RECEPCI\u00d3N DE RECURSOS P\u00daBLICOS<\/strong><\/p><p>Las asociaciones, fundaciones y entidades sin \u00e1nimo de lucro est\u00e1n obligadas a publicar en sus p\u00e1ginas web o portales digitales similares, antes del 30 de junio de cada a\u00f1o, la informaci\u00f3n relativa a las subvenciones, ayudas, prestaciones, aportaciones o auxilios, dinerarios o en especie, que no tengan car\u00e1cter general y no sean objeto de contraprestaci\u00f3n, retribuci\u00f3n o compensaci\u00f3n\u00bb, que les hayan sido efectivamente concedidas en el ejercicio anterior por las Administraciones P\u00fablicas. En su Circular n\u00ba 6, de 25 de junio de 2021, el Ministerio de Trabajo y Pol\u00edticas Sociales aclar\u00f3 que por \u00abcar\u00e1cter general\u00bb deben entenderse las ventajas que recibe el beneficiario en virtud de un r\u00e9gimen general, por el que la aportaci\u00f3n se concede a todas las personas que cumplan determinados requisitos.  <\/p>\t\t\t\t\t\t\t\t<\/div>\n\t\t\t\t<div class=\"elementor-element elementor-element-bc2c31a elementor-widget elementor-widget-image\" data-id=\"bc2c31a\" data-element_type=\"widget\" data-e-type=\"widget\" data-widget_type=\"image.default\">\n\t\t\t\t\t\t\t\t\t\t\t\t\t\t\t<img fetchpriority=\"high\" decoding=\"async\" width=\"461\" height=\"314\" src=\"https:\/\/ilcamminodellapace.it\/wp-content\/uploads\/2025\/12\/Immagine1frew.jpg\" class=\"attachment-large size-large wp-image-5012\" alt=\"\" srcset=\"https:\/\/ilcamminodellapace.it\/wp-content\/uploads\/2025\/12\/Immagine1frew.jpg 461w, https:\/\/ilcamminodellapace.it\/wp-content\/uploads\/2025\/12\/Immagine1frew-300x204.jpg 300w\" sizes=\"(max-width: 461px) 100vw, 461px\" \/>\t\t\t\t\t\t\t\t\t\t\t\t\t\t\t<\/div>\n\t\t\t\t<\/div>\n\t\t<div class=\"elementor-element elementor-element-3c8a8e6 e-grid e-con-full e-con e-child\" data-id=\"3c8a8e6\" data-element_type=\"container\" data-e-type=\"container\">\n\t\t\t\t<div class=\"elementor-element elementor-element-c73543b elementor-widget elementor-widget-image\" data-id=\"c73543b\" data-element_type=\"widget\" data-e-type=\"widget\" data-widget_type=\"image.default\">\n\t\t\t\t\t\t\t\t\t\t\t\t\t\t\t<img decoding=\"async\" width=\"525\" height=\"358\" src=\"https:\/\/ilcamminodellapace.it\/wp-content\/uploads\/2025\/12\/Immagine2erwsvdzfc.jpg\" class=\"attachment-large size-large wp-image-5013\" alt=\"\" srcset=\"https:\/\/ilcamminodellapace.it\/wp-content\/uploads\/2025\/12\/Immagine2erwsvdzfc.jpg 525w, https:\/\/ilcamminodellapace.it\/wp-content\/uploads\/2025\/12\/Immagine2erwsvdzfc-300x205.jpg 300w\" sizes=\"(max-width: 525px) 100vw, 525px\" \/>\t\t\t\t\t\t\t\t\t\t\t\t\t\t\t<\/div>\n\t\t\t\t<div class=\"elementor-element elementor-element-a2a8834 elementor-widget elementor-widget-text-editor\" data-id=\"a2a8834\" data-element_type=\"widget\" data-e-type=\"widget\" data-widget_type=\"text-editor.default\">\n\t\t\t\t\t\t\t\t\t<p><strong>OBLIGACIONES DE TRANSPARENCIA VINCULADAS<br>AL 5 POR MIL<\/strong><\/p><p>La normativa sobre el 5 por mil est\u00e1 contenida en el Decreto Legislativo n\u00ba 111\/2017 y en el Dpcm de 23 de julio de 2020. Los destinatarios de la misma son, por lo que aqu\u00ed interesa, las entidades del Tercer Sector (Ets), las entidades de investigaci\u00f3n cient\u00edfica y sanitaria, y las asociaciones deportivas de aficionados (Asd). La asignaci\u00f3n de la cuota del 5 por mil a las entidades del Tercer Sector s\u00f3lo tendr\u00e1 lugar a partir de 2022, estando operativo el registro nacional \u00fanico del Tercer Sector (Runts) a partir del 23 de noviembre de 2021. Hasta entonces, en lugar de a las Ets, la cuota se seguir\u00e1 asignando para apoyar a las \u00abentidades de voluntariado\u00bb, categor\u00eda que incluye:<br>asociaciones de promoci\u00f3n social (Aps), inscritas en los registros nacional, regional y provincial.    <\/p>\t\t\t\t\t\t\t\t<\/div>\n\t\t\t\t<\/div>\n\t\t<div class=\"elementor-element elementor-element-60f7073 e-grid e-con-full e-con e-child\" data-id=\"60f7073\" data-element_type=\"container\" data-e-type=\"container\">\n\t\t\t\t<div class=\"elementor-element elementor-element-f8dd1aa elementor-widget elementor-widget-text-editor\" data-id=\"f8dd1aa\" data-element_type=\"widget\" data-e-type=\"widget\" data-widget_type=\"text-editor.default\">\n\t\t\t\t\t\t\t\t\t<p><strong>OBLIGACIONES DE TRANSPARENCIA RELACIONADAS CON LAS DONACIONES<\/strong><\/p><p>En materia de desembolsos liberales, el Decreto del Ministro de Econom\u00eda y Hacienda de 3 de febrero de 2021 dispuso que determinados tipos de entidades sin fines lucrativos estuvieran obligadas a remitir a la Agencia Tributaria la comunicaci\u00f3n de desembolsos liberales recibidos tanto de personas f\u00edsicas como jur\u00eddicas. Entre las entidades obligadas a cumplir con esta obligaci\u00f3n se encuentran: &#8211; asociaciones de promoci\u00f3n social; La obligaci\u00f3n de env\u00edo para las entidades que acabamos de mencionar se aplica &#8211; a partir de 2022 (con referencia a los datos de donaciones efectuadas en 2021), pero s\u00f3lo para las entidades que hayan registrado en sus \u00faltimos estados financieros ingresos superiores a 1 mill\u00f3n de euros; &#8211; a partir de 2023 (con referencia a los datos de donaciones efectuadas en 2022), pero s\u00f3lo para las entidades que hayan registrado en sus \u00faltimos estados financieros ingresos superiores a 220.000 euros. <\/p>\t\t\t\t\t\t\t\t<\/div>\n\t\t\t\t<div class=\"elementor-element elementor-element-c4f0e74 elementor-widget elementor-widget-image\" data-id=\"c4f0e74\" data-element_type=\"widget\" data-e-type=\"widget\" data-widget_type=\"image.default\">\n\t\t\t\t\t\t\t\t\t\t\t\t\t\t\t<img decoding=\"async\" width=\"451\" height=\"307\" src=\"https:\/\/ilcamminodellapace.it\/wp-content\/uploads\/2025\/12\/Immagine3fwyrhetndbgfd.jpg\" class=\"attachment-large size-large wp-image-5014\" alt=\"\" srcset=\"https:\/\/ilcamminodellapace.it\/wp-content\/uploads\/2025\/12\/Immagine3fwyrhetndbgfd.jpg 451w, https:\/\/ilcamminodellapace.it\/wp-content\/uploads\/2025\/12\/Immagine3fwyrhetndbgfd-300x204.jpg 300w\" sizes=\"(max-width: 451px) 100vw, 451px\" \/>\t\t\t\t\t\t\t\t\t\t\t\t\t\t\t<\/div>\n\t\t\t\t<\/div>\n\t\t\t\t\t<\/div>\n\t\t\t\t<\/div>\n\t\t<div class=\"elementor-element elementor-element-20745c1 e-grid e-con-boxed e-con e-parent\" data-id=\"20745c1\" data-element_type=\"container\" data-e-type=\"container\">\n\t\t\t\t\t<div class=\"e-con-inner\">\n\t\t\t\t<div class=\"elementor-element elementor-element-546dc67 elementor-widget elementor-widget-heading\" data-id=\"546dc67\" data-element_type=\"widget\" data-e-type=\"widget\" data-widget_type=\"heading.default\">\n\t\t\t\t\t<h2 class=\"elementor-heading-title elementor-size-default\">Administraci\u00f3n transparente<\/h2>\t\t\t\t<\/div>\n\t\t\t\t<div class=\"elementor-element elementor-element-10ce735 elementor-widget elementor-widget-heading\" data-id=\"10ce735\" data-element_type=\"widget\" data-e-type=\"widget\" data-widget_type=\"heading.default\">\n\t\t\t\t\t<h5 class=\"elementor-heading-title elementor-size-default\">Descargar documentos<\/h5>\t\t\t\t<\/div>\n\t\t\t\t\t<\/div>\n\t\t\t\t<\/div>\n\t\t<div class=\"elementor-element elementor-element-2daae0f e-flex e-con-boxed e-con e-parent\" data-id=\"2daae0f\" data-element_type=\"container\" data-e-type=\"container\">\n\t\t\t\t\t<div class=\"e-con-inner\">\n\t\t<div class=\"elementor-element elementor-element-fa9233f e-con-full e-flex e-con e-child\" data-id=\"fa9233f\" data-element_type=\"container\" data-e-type=\"container\">\n\t\t\t\t<div class=\"elementor-element elementor-element-96cbb33 elementor-view-default elementor-position-block-start elementor-mobile-position-block-start elementor-widget elementor-widget-icon-box\" data-id=\"96cbb33\" data-element_type=\"widget\" data-e-type=\"widget\" data-widget_type=\"icon-box.default\">\n\t\t\t\t\t\t\t<div class=\"elementor-icon-box-wrapper\">\n\n\t\t\t\t\t\t<div class=\"elementor-icon-box-icon\">\n\t\t\t\t<a href=\"https:\/\/ilcamminodellapace.it\/wp-content\/uploads\/2025\/12\/bilancio-aps-2021-2022.pdf\" target=\"_blank\" class=\"elementor-icon\" tabindex=\"-1\" aria-label=\"Informe de Rendici\u00f3n de Cuentas 2021\">\n\t\t\t\t<svg aria-hidden=\"true\" class=\"e-font-icon-svg e-fas-balance-scale-left\" viewBox=\"0 0 640 512\" xmlns=\"http:\/\/www.w3.org\/2000\/svg\"><path d=\"M528 448H352V153.25c20.42-8.94 36.1-26.22 43.38-47.47l132-44.26c8.38-2.81 12.89-11.88 10.08-20.26l-10.17-30.34C524.48 2.54 515.41-1.97 507.03.84L389.11 40.37C375.3 16.36 349.69 0 320 0c-44.18 0-80 35.82-80 80 0 3.43.59 6.71 1.01 10.03l-128.39 43.05c-8.38 2.81-12.89 11.88-10.08 20.26l10.17 30.34c2.81 8.38 11.88 12.89 20.26 10.08l142.05-47.63c4.07 2.77 8.43 5.12 12.99 7.12V496c0 8.84 7.16 16 16 16h224c8.84 0 16-7.16 16-16v-32c-.01-8.84-7.17-16-16.01-16zm111.98-144c0-16.18 1.34-8.73-85.05-181.51-17.65-35.29-68.19-35.36-85.87 0-87.12 174.26-85.04 165.84-85.04 181.51H384c0 44.18 57.31 80 128 80s128-35.82 128-80h-.02zM440 288l72-144 72 144H440zm-269.07-37.51c-17.65-35.29-68.19-35.36-85.87 0C-2.06 424.75.02 416.33.02 432H0c0 44.18 57.31 80 128 80s128-35.82 128-80h-.02c0-16.18 1.34-8.73-85.05-181.51zM56 416l72-144 72 144H56z\"><\/path><\/svg>\t\t\t\t<\/a>\n\t\t\t<\/div>\n\t\t\t\n\t\t\t\t\t\t<div class=\"elementor-icon-box-content\">\n\n\t\t\t\t\t\t\t\t\t<h3 class=\"elementor-icon-box-title\">\n\t\t\t\t\t\t<a href=\"https:\/\/ilcamminodellapace.it\/wp-content\/uploads\/2025\/12\/bilancio-aps-2021-2022.pdf\" target=\"_blank\" >\n\t\t\t\t\t\t\tInforme de Rendici\u00f3n de Cuentas 2021\t\t\t\t\t\t<\/a>\n\t\t\t\t\t<\/h3>\n\t\t\t\t\n\t\t\t\t\n\t\t\t<\/div>\n\t\t\t\n\t\t<\/div>\n\t\t\t\t\t\t<\/div>\n\t\t\t\t<\/div>\n\t\t<div class=\"elementor-element elementor-element-6161136 e-con-full e-flex e-con e-child\" data-id=\"6161136\" data-element_type=\"container\" data-e-type=\"container\">\n\t\t\t\t<div class=\"elementor-element elementor-element-010c16d elementor-view-default elementor-position-block-start elementor-mobile-position-block-start elementor-widget elementor-widget-icon-box\" data-id=\"010c16d\" data-element_type=\"widget\" data-e-type=\"widget\" data-widget_type=\"icon-box.default\">\n\t\t\t\t\t\t\t<div class=\"elementor-icon-box-wrapper\">\n\n\t\t\t\t\t\t<div class=\"elementor-icon-box-icon\">\n\t\t\t\t<a href=\"https:\/\/ilcamminodellapace.it\/wp-content\/uploads\/2025\/12\/bilancio-aps-2022-2021.pdf\" target=\"_blank\" class=\"elementor-icon\" tabindex=\"-1\" aria-label=\"Rendici\u00f3n de cuentas 2022\">\n\t\t\t\t<svg aria-hidden=\"true\" class=\"e-font-icon-svg e-fas-balance-scale-left\" viewBox=\"0 0 640 512\" xmlns=\"http:\/\/www.w3.org\/2000\/svg\"><path d=\"M528 448H352V153.25c20.42-8.94 36.1-26.22 43.38-47.47l132-44.26c8.38-2.81 12.89-11.88 10.08-20.26l-10.17-30.34C524.48 2.54 515.41-1.97 507.03.84L389.11 40.37C375.3 16.36 349.69 0 320 0c-44.18 0-80 35.82-80 80 0 3.43.59 6.71 1.01 10.03l-128.39 43.05c-8.38 2.81-12.89 11.88-10.08 20.26l10.17 30.34c2.81 8.38 11.88 12.89 20.26 10.08l142.05-47.63c4.07 2.77 8.43 5.12 12.99 7.12V496c0 8.84 7.16 16 16 16h224c8.84 0 16-7.16 16-16v-32c-.01-8.84-7.17-16-16.01-16zm111.98-144c0-16.18 1.34-8.73-85.05-181.51-17.65-35.29-68.19-35.36-85.87 0-87.12 174.26-85.04 165.84-85.04 181.51H384c0 44.18 57.31 80 128 80s128-35.82 128-80h-.02zM440 288l72-144 72 144H440zm-269.07-37.51c-17.65-35.29-68.19-35.36-85.87 0C-2.06 424.75.02 416.33.02 432H0c0 44.18 57.31 80 128 80s128-35.82 128-80h-.02c0-16.18 1.34-8.73-85.05-181.51zM56 416l72-144 72 144H56z\"><\/path><\/svg>\t\t\t\t<\/a>\n\t\t\t<\/div>\n\t\t\t\n\t\t\t\t\t\t<div class=\"elementor-icon-box-content\">\n\n\t\t\t\t\t\t\t\t\t<h3 class=\"elementor-icon-box-title\">\n\t\t\t\t\t\t<a href=\"https:\/\/ilcamminodellapace.it\/wp-content\/uploads\/2025\/12\/bilancio-aps-2022-2021.pdf\" target=\"_blank\" >\n\t\t\t\t\t\t\tRendici\u00f3n de cuentas 2022\t\t\t\t\t\t<\/a>\n\t\t\t\t\t<\/h3>\n\t\t\t\t\n\t\t\t\t\n\t\t\t<\/div>\n\t\t\t\n\t\t<\/div>\n\t\t\t\t\t\t<\/div>\n\t\t\t\t<\/div>\n\t\t<div class=\"elementor-element elementor-element-3bdb4f4 e-con-full e-flex e-con e-child\" data-id=\"3bdb4f4\" data-element_type=\"container\" data-e-type=\"container\">\n\t\t\t\t<div class=\"elementor-element elementor-element-1da88e4 elementor-view-default elementor-position-block-start elementor-mobile-position-block-start elementor-widget elementor-widget-icon-box\" data-id=\"1da88e4\" data-element_type=\"widget\" data-e-type=\"widget\" data-widget_type=\"icon-box.default\">\n\t\t\t\t\t\t\t<div class=\"elementor-icon-box-wrapper\">\n\n\t\t\t\t\t\t<div class=\"elementor-icon-box-icon\">\n\t\t\t\t<a href=\"https:\/\/ilcamminodellapace.it\/wp-content\/uploads\/2025\/12\/bilancio-aps-2023-2022.pdf\" target=\"_blank\" class=\"elementor-icon\" tabindex=\"-1\" aria-label=\"Responsabilidad 2023\">\n\t\t\t\t<svg aria-hidden=\"true\" class=\"e-font-icon-svg e-fas-balance-scale-left\" viewBox=\"0 0 640 512\" xmlns=\"http:\/\/www.w3.org\/2000\/svg\"><path d=\"M528 448H352V153.25c20.42-8.94 36.1-26.22 43.38-47.47l132-44.26c8.38-2.81 12.89-11.88 10.08-20.26l-10.17-30.34C524.48 2.54 515.41-1.97 507.03.84L389.11 40.37C375.3 16.36 349.69 0 320 0c-44.18 0-80 35.82-80 80 0 3.43.59 6.71 1.01 10.03l-128.39 43.05c-8.38 2.81-12.89 11.88-10.08 20.26l10.17 30.34c2.81 8.38 11.88 12.89 20.26 10.08l142.05-47.63c4.07 2.77 8.43 5.12 12.99 7.12V496c0 8.84 7.16 16 16 16h224c8.84 0 16-7.16 16-16v-32c-.01-8.84-7.17-16-16.01-16zm111.98-144c0-16.18 1.34-8.73-85.05-181.51-17.65-35.29-68.19-35.36-85.87 0-87.12 174.26-85.04 165.84-85.04 181.51H384c0 44.18 57.31 80 128 80s128-35.82 128-80h-.02zM440 288l72-144 72 144H440zm-269.07-37.51c-17.65-35.29-68.19-35.36-85.87 0C-2.06 424.75.02 416.33.02 432H0c0 44.18 57.31 80 128 80s128-35.82 128-80h-.02c0-16.18 1.34-8.73-85.05-181.51zM56 416l72-144 72 144H56z\"><\/path><\/svg>\t\t\t\t<\/a>\n\t\t\t<\/div>\n\t\t\t\n\t\t\t\t\t\t<div class=\"elementor-icon-box-content\">\n\n\t\t\t\t\t\t\t\t\t<h3 class=\"elementor-icon-box-title\">\n\t\t\t\t\t\t<a href=\"https:\/\/ilcamminodellapace.it\/wp-content\/uploads\/2025\/12\/bilancio-aps-2023-2022.pdf\" target=\"_blank\" >\n\t\t\t\t\t\t\tResponsabilidad 2023\t\t\t\t\t\t<\/a>\n\t\t\t\t\t<\/h3>\n\t\t\t\t\n\t\t\t\t\n\t\t\t<\/div>\n\t\t\t\n\t\t<\/div>\n\t\t\t\t\t\t<\/div>\n\t\t\t\t<\/div>\n\t\t<div class=\"elementor-element elementor-element-0af08ea e-con-full e-flex e-con e-child\" data-id=\"0af08ea\" data-element_type=\"container\" data-e-type=\"container\">\n\t\t\t\t<div class=\"elementor-element elementor-element-24fe42f elementor-view-default elementor-position-block-start elementor-mobile-position-block-start elementor-widget elementor-widget-icon-box\" data-id=\"24fe42f\" data-element_type=\"widget\" data-e-type=\"widget\" data-widget_type=\"icon-box.default\">\n\t\t\t\t\t\t\t<div class=\"elementor-icon-box-wrapper\">\n\n\t\t\t\t\t\t<div class=\"elementor-icon-box-icon\">\n\t\t\t\t<a href=\"https:\/\/ilcamminodellapace.it\/wp-content\/uploads\/2025\/12\/bilancio-aps-2024-2023.pdf\" target=\"_blank\" class=\"elementor-icon\" tabindex=\"-1\" aria-label=\"Rendici\u00f3n de cuentas 2024\">\n\t\t\t\t<svg aria-hidden=\"true\" class=\"e-font-icon-svg e-fas-balance-scale-left\" viewBox=\"0 0 640 512\" xmlns=\"http:\/\/www.w3.org\/2000\/svg\"><path d=\"M528 448H352V153.25c20.42-8.94 36.1-26.22 43.38-47.47l132-44.26c8.38-2.81 12.89-11.88 10.08-20.26l-10.17-30.34C524.48 2.54 515.41-1.97 507.03.84L389.11 40.37C375.3 16.36 349.69 0 320 0c-44.18 0-80 35.82-80 80 0 3.43.59 6.71 1.01 10.03l-128.39 43.05c-8.38 2.81-12.89 11.88-10.08 20.26l10.17 30.34c2.81 8.38 11.88 12.89 20.26 10.08l142.05-47.63c4.07 2.77 8.43 5.12 12.99 7.12V496c0 8.84 7.16 16 16 16h224c8.84 0 16-7.16 16-16v-32c-.01-8.84-7.17-16-16.01-16zm111.98-144c0-16.18 1.34-8.73-85.05-181.51-17.65-35.29-68.19-35.36-85.87 0-87.12 174.26-85.04 165.84-85.04 181.51H384c0 44.18 57.31 80 128 80s128-35.82 128-80h-.02zM440 288l72-144 72 144H440zm-269.07-37.51c-17.65-35.29-68.19-35.36-85.87 0C-2.06 424.75.02 416.33.02 432H0c0 44.18 57.31 80 128 80s128-35.82 128-80h-.02c0-16.18 1.34-8.73-85.05-181.51zM56 416l72-144 72 144H56z\"><\/path><\/svg>\t\t\t\t<\/a>\n\t\t\t<\/div>\n\t\t\t\n\t\t\t\t\t\t<div class=\"elementor-icon-box-content\">\n\n\t\t\t\t\t\t\t\t\t<h3 class=\"elementor-icon-box-title\">\n\t\t\t\t\t\t<a href=\"https:\/\/ilcamminodellapace.it\/wp-content\/uploads\/2025\/12\/bilancio-aps-2024-2023.pdf\" target=\"_blank\" >\n\t\t\t\t\t\t\tRendici\u00f3n de cuentas 2024\t\t\t\t\t\t<\/a>\n\t\t\t\t\t<\/h3>\n\t\t\t\t\n\t\t\t\t\n\t\t\t<\/div>\n\t\t\t\n\t\t<\/div>\n\t\t\t\t\t\t<\/div>\n\t\t\t\t<\/div>\n\t\t\t\t\t<\/div>\n\t\t\t\t<\/div>\n\t\t\t\t<\/div>\n\t\t","protected":false},"excerpt":{"rendered":"<p>OBLIGACIONES DE TRANSPARENCIA VINCULADASA LA RECEPCI\u00d3N DE RECURSOS P\u00daBLICOS Las asociaciones, fundaciones y entidades sin \u00e1nimo de lucro est\u00e1n obligadas a publicar en sus p\u00e1ginas web o portales digitales similares, antes del 30 de junio de cada a\u00f1o, la informaci\u00f3n relativa a las subvenciones, ayudas, prestaciones, aportaciones o auxilios, dinerarios o en especie, que no [&hellip;]<\/p>\n","protected":false},"author":2,"featured_media":0,"parent":0,"menu_order":0,"comment_status":"closed","ping_status":"closed","template":"","meta":{"_acf_changed":false,"footnotes":""},"class_list":["post-5011","page","type-page","status-publish","hentry"],"acf":[],"_links":{"self":[{"href":"https:\/\/ilcamminodellapace.it\/es\/wp-json\/wp\/v2\/pages\/5011","targetHints":{"allow":["GET"]}}],"collection":[{"href":"https:\/\/ilcamminodellapace.it\/es\/wp-json\/wp\/v2\/pages"}],"about":[{"href":"https:\/\/ilcamminodellapace.it\/es\/wp-json\/wp\/v2\/types\/page"}],"author":[{"embeddable":true,"href":"https:\/\/ilcamminodellapace.it\/es\/wp-json\/wp\/v2\/users\/2"}],"replies":[{"embeddable":true,"href":"https:\/\/ilcamminodellapace.it\/es\/wp-json\/wp\/v2\/comments?post=5011"}],"version-history":[{"count":4,"href":"https:\/\/ilcamminodellapace.it\/es\/wp-json\/wp\/v2\/pages\/5011\/revisions"}],"predecessor-version":[{"id":5110,"href":"https:\/\/ilcamminodellapace.it\/es\/wp-json\/wp\/v2\/pages\/5011\/revisions\/5110"}],"wp:attachment":[{"href":"https:\/\/ilcamminodellapace.it\/es\/wp-json\/wp\/v2\/media?parent=5011"}],"curies":[{"name":"wp","href":"https:\/\/api.w.org\/{rel}","templated":true}]}}