{"id":5108,"date":"2025-11-13T11:14:55","date_gmt":"2025-11-13T11:14:55","guid":{"rendered":"https:\/\/ilcamminodellapace.it\/credencial-y-tarjeta\/"},"modified":"2026-01-19T15:19:17","modified_gmt":"2026-01-19T15:19:17","slug":"credencial-y-tarjeta","status":"publish","type":"page","link":"https:\/\/ilcamminodellapace.it\/es\/credencial-y-tarjeta\/","title":{"rendered":"Credencial y tarjeta"},"content":{"rendered":"\t\t<div data-elementor-type=\"wp-page\" data-elementor-id=\"5108\" class=\"elementor elementor-5108 elementor-1171\" data-elementor-post-type=\"page\">\n\t\t\t\t<div class=\"elementor-element elementor-element-8b52e8d e-flex e-con-boxed e-con e-parent\" data-id=\"8b52e8d\" data-element_type=\"container\" data-e-type=\"container\" data-settings=\"{&quot;background_background&quot;:&quot;classic&quot;}\">\n\t\t\t\t\t<div class=\"e-con-inner\">\n\t\t\t\t<div class=\"elementor-element elementor-element-ac2d3b9 elementor-widget elementor-widget-ucaddon_side_border_heading\" data-id=\"ac2d3b9\" data-element_type=\"widget\" data-e-type=\"widget\" data-widget_type=\"ucaddon_side_border_heading.default\">\n\t\t\t\t<div class=\"elementor-widget-container\">\n\t\t\t\t\t\n<!-- start Side Line Heading -->\n<style>\/* widget: Side Line Heading *\/\n\n#uc_side_border_heading_elementor_ac2d3b9\n{\n  display:flex;\n}\n\n#uc_side_border_heading_elementor_ac2d3b9 .side_border_heading_title\n{\n  color:black;\n}\n\n#uc_side_border_heading_elementor_ac2d3b9 .side_border_heading_subtitle\n{\n  line-height:1.5em;\n  color:gray;\n}\n#uc_side_border_heading_elementor_ac2d3b9 .side_border_heading_line_holder{\nflex-shrink: 0;\n}\n\n#uc_side_border_heading_elementor_ac2d3b9 .side_border_heading_line_spacer{\nflex-shrink: 0;\n}\n\n<\/style>\n\n<div id=\"uc_side_border_heading_elementor_ac2d3b9\">\n  <div class=\"side_border_heading_line_holder\"><div class=\"side_border_heading_line\" style=\"background-color:#1F4361;\"><\/div><\/div>\n  <div class=\"side_border_heading_line_spacer\"><\/div>\n  <div>\n    <div class=\"side_border_heading_title\"><span  class=\"uc_style_side_border_heading_elementor_title\" style=\"color:#1F4361;\">Credencial y tarjeta<\/span><\/div>\n    <div class=\"side_border_heading_subtitle\"><\/div>\n  <\/div>\n<\/div>\n<!-- end Side Line Heading -->\t\t\t\t<\/div>\n\t\t\t\t<\/div>\n\t\t<div class=\"elementor-element elementor-element-cd58cfd e-con-full e-flex e-con e-child\" data-id=\"cd58cfd\" data-element_type=\"container\" data-e-type=\"container\">\n\t\t<div class=\"elementor-element elementor-element-aec4279 e-con-full e-flex e-con e-child\" data-id=\"aec4279\" data-element_type=\"container\" data-e-type=\"container\">\n\t\t\t\t<div class=\"elementor-element elementor-element-315517d txtBody elementor-widget elementor-widget-text-editor\" data-id=\"315517d\" data-element_type=\"widget\" data-e-type=\"widget\" data-widget_type=\"text-editor.default\">\n\t\t\t\t\t\t\t\t\t<p>La expide la asociaci\u00f3n \u00abIl Cammino della Pace APS\u00bb a todos aquellos que pretendan recorrer el Camino y que se comprometan a comportarse de forma respetuosa con los bienes culturales, naturales y antropol\u00f3gicos presentes.<br><strong><br>La credencial<\/strong>:<\/p><ul><li>garantiza el reconocimiento de quienes recorren la Marcha de la Paz;<\/li><li>identifica al peregrino cotejando su documento de identidad;<\/li><li>proporciona acceso a las instalaciones afiliadas que ofrecen hospitalidad y refrescos;<\/li><li>te permite recibir, al final de la Marcha, una certificaci\u00f3n (Testimonio) de que has completado con \u00e9xito tu esfuerzo.<\/li><\/ul><p><strong><br>Esto debe indicarse en la credencial:<\/strong><\/p><ul><li>nombre, apellidos, ciudad y pa\u00eds de origen del peregrino;<\/li><li>el n\u00famero del documento de identidad;<\/li><li>el lugar desde el que quieres iniciar el recorrido.<\/li><\/ul>\t\t\t\t\t\t\t\t<\/div>\n\t\t\t\t<\/div>\n\t\t\t\t<\/div>\n\t\t\t\t\t<\/div>\n\t\t\t\t<\/div>\n\t\t<div class=\"elementor-element elementor-element-0af163f e-flex e-con-boxed e-con e-parent\" data-id=\"0af163f\" data-element_type=\"container\" data-e-type=\"container\" data-settings=\"{&quot;background_background&quot;:&quot;classic&quot;}\">\n\t\t\t\t\t<div class=\"e-con-inner\">\n\t\t\t\t<div class=\"elementor-element elementor-element-7797306 elementor-widget elementor-widget-ucaddon_side_border_heading\" data-id=\"7797306\" data-element_type=\"widget\" data-e-type=\"widget\" data-widget_type=\"ucaddon_side_border_heading.default\">\n\t\t\t\t<div class=\"elementor-widget-container\">\n\t\t\t\t\t\n<!-- start Side Line Heading -->\n<style>\/* widget: Side Line Heading *\/\n\n#uc_side_border_heading_elementor_7797306\n{\n  display:flex;\n}\n\n#uc_side_border_heading_elementor_7797306 .side_border_heading_title\n{\n  color:black;\n}\n\n#uc_side_border_heading_elementor_7797306 .side_border_heading_subtitle\n{\n  line-height:1.5em;\n  color:gray;\n}\n#uc_side_border_heading_elementor_7797306 .side_border_heading_line_holder{\nflex-shrink: 0;\n}\n\n#uc_side_border_heading_elementor_7797306 .side_border_heading_line_spacer{\nflex-shrink: 0;\n}\n\n<\/style>\n\n<div id=\"uc_side_border_heading_elementor_7797306\">\n  <div class=\"side_border_heading_line_holder\"><div class=\"side_border_heading_line\" style=\"background-color:#FFFFFF;\"><\/div><\/div>\n  <div class=\"side_border_heading_line_spacer\"><\/div>\n  <div>\n    <div class=\"side_border_heading_title\"><span  class=\"uc_style_side_border_heading_elementor_title\" style=\"color:#FFFFFF;\">Solicitar credencial y tarjeta<\/span><\/div>\n    <div class=\"side_border_heading_subtitle\"><\/div>\n  <\/div>\n<\/div>\n<!-- end Side Line Heading -->\t\t\t\t<\/div>\n\t\t\t\t<\/div>\n\t\t<div class=\"elementor-element elementor-element-74c0341 e-con-full e-flex e-con e-child\" data-id=\"74c0341\" data-element_type=\"container\" data-e-type=\"container\">\n\t\t\t\t<div class=\"elementor-element elementor-element-3237846 elementor-widget elementor-widget-text-editor\" data-id=\"3237846\" data-element_type=\"widget\" data-e-type=\"widget\" data-widget_type=\"text-editor.default\">\n\t\t\t\t\t\t\t\t\t<p>Introduce tu correo electr\u00f3nico y recibir\u00e1s toda la informaci\u00f3n<br>sobre c\u00f3mo obtener tu credencial y tarjeta<\/p>\t\t\t\t\t\t\t\t<\/div>\n\t\t\t\t<div class=\"elementor-element elementor-element-eec33f1 elementor-button-align-stretch elementor-widget elementor-widget-form\" data-id=\"eec33f1\" data-element_type=\"widget\" data-e-type=\"widget\" id=\"modulo_credenziale_tessera\" data-settings=\"{&quot;button_width&quot;:&quot;30&quot;,&quot;step_next_label&quot;:&quot;Siguiente&quot;,&quot;step_previous_label&quot;:&quot;Anterior&quot;,&quot;step_type&quot;:&quot;number_text&quot;,&quot;step_icon_shape&quot;:&quot;circle&quot;}\" data-widget_type=\"form.default\">\n\t\t\t\t\t\t\t<form class=\"elementor-form\" method=\"post\" name=\"formulario_credencial_tarjeta\" aria-label=\"formulario_credencial_tarjeta\">\n\t\t\t<input type=\"hidden\" name=\"post_id\" value=\"5108\"\/>\n\t\t\t<input type=\"hidden\" name=\"form_id\" value=\"eec33f1\"\/>\n\t\t\t<input type=\"hidden\" name=\"referer_title\" value=\"Credencial y tarjeta\" \/>\n\n\t\t\t\t\t\t\t<input type=\"hidden\" name=\"queried_id\" value=\"5108\"\/>\n\t\t\t\n\t\t\t<div class=\"elementor-form-fields-wrapper elementor-labels-\">\n\t\t\t\t\t\t\t\t<div class=\"elementor-field-type-email elementor-field-group elementor-column elementor-field-group-email elementor-col-70 elementor-field-required\">\n\t\t\t\t\t\t\t\t\t\t\t\t<label for=\"form-field-email\" class=\"elementor-field-label elementor-screen-only\">\n\t\t\t\t\t\t\t\tEnv\u00eda un correo electr\u00f3nico a\t\t\t\t\t\t\t<\/label>\n\t\t\t\t\t\t\t\t\t\t\t\t\t\t<input size=\"1\" type=\"email\" name=\"form_fields[email]\" id=\"form-field-email\" class=\"elementor-field elementor-size-sm  elementor-field-textual\" placeholder=\"Env\u00eda un correo electr\u00f3nico a\" required=\"required\">\n\t\t\t\t\t\t\t\t\t\t\t<\/div>\n\t\t\t\t\t\t\t\t<div class=\"elementor-field-type-acceptance elementor-field-group elementor-column elementor-field-group-field_675b3a2 elementor-col-100 elementor-field-required\">\n\t\t\t\t\t\t\t<div class=\"elementor-field-subgroup\">\n\t\t\t<span class=\"elementor-field-option\">\n\t\t\t\t<input type=\"checkbox\" name=\"form_fields[field_675b3a2]\" id=\"form-field-field_675b3a2\" class=\"elementor-field elementor-size-sm  elementor-acceptance-field\" required=\"required\">\n\t\t\t\t<label for=\"form-field-field_675b3a2\">Confirmo que he le\u00eddo la pol\u00edtica de privacidad y doy mi consentimiento al tratamiento de mis datos personales de conformidad con el art. 13 del Decreto Legislativo 196\/2003 y el art. 13 del Reglamento UE 679\/2016 para recibir una respuesta a esta solicitud.   <\/label>\t\t\t<\/span>\n\t\t<\/div>\n\t\t\t\t\t\t<\/div>\n\t\t\t\t\t\t\t\t<div class=\"elementor-field-group elementor-column elementor-field-type-submit elementor-col-30 e-form__buttons\">\n\t\t\t\t\t<button class=\"elementor-button elementor-size-sm\" type=\"submit\">\n\t\t\t\t\t\t<span class=\"elementor-button-content-wrapper\">\n\t\t\t\t\t\t\t\t\t\t\t\t\t\t\t\t\t\t\t\t\t\t<span class=\"elementor-button-text\">Solicita<\/span>\n\t\t\t\t\t\t\t\t\t\t\t\t\t<\/span>\n\t\t\t\t\t<\/button>\n\t\t\t\t<\/div>\n\t\t\t<\/div>\n\t\t<\/form>\n\t\t\t\t\t\t<\/div>\n\t\t\t\t<\/div>\n\t\t\t\t\t<\/div>\n\t\t\t\t<\/div>\n\t\t\t\t<\/div>\n\t\t","protected":false},"excerpt":{"rendered":"<p>La expide la asociaci\u00f3n \u00abIl Cammino della Pace APS\u00bb a todos aquellos que pretendan recorrer el Camino y que se comprometan a comportarse de forma respetuosa con los bienes culturales, naturales y antropol\u00f3gicos presentes.La credencial: garantiza el reconocimiento de quienes recorren la Marcha de la Paz; identifica al peregrino cotejando su documento de identidad; proporciona [&hellip;]<\/p>\n","protected":false},"author":2,"featured_media":5109,"parent":0,"menu_order":0,"comment_status":"closed","ping_status":"closed","template":"","meta":{"_acf_changed":false,"footnotes":""},"class_list":["post-5108","page","type-page","status-publish","has-post-thumbnail","hentry"],"acf":[],"_links":{"self":[{"href":"https:\/\/ilcamminodellapace.it\/es\/wp-json\/wp\/v2\/pages\/5108","targetHints":{"allow":["GET"]}}],"collection":[{"href":"https:\/\/ilcamminodellapace.it\/es\/wp-json\/wp\/v2\/pages"}],"about":[{"href":"https:\/\/ilcamminodellapace.it\/es\/wp-json\/wp\/v2\/types\/page"}],"author":[{"embeddable":true,"href":"https:\/\/ilcamminodellapace.it\/es\/wp-json\/wp\/v2\/users\/2"}],"replies":[{"embeddable":true,"href":"https:\/\/ilcamminodellapace.it\/es\/wp-json\/wp\/v2\/comments?post=5108"}],"version-history":[{"count":1,"href":"https:\/\/ilcamminodellapace.it\/es\/wp-json\/wp\/v2\/pages\/5108\/revisions"}],"predecessor-version":[{"id":5113,"href":"https:\/\/ilcamminodellapace.it\/es\/wp-json\/wp\/v2\/pages\/5108\/revisions\/5113"}],"wp:featuredmedia":[{"embeddable":true,"href":"https:\/\/ilcamminodellapace.it\/es\/wp-json\/wp\/v2\/media\/5109"}],"wp:attachment":[{"href":"https:\/\/ilcamminodellapace.it\/es\/wp-json\/wp\/v2\/media?parent=5108"}],"curies":[{"name":"wp","href":"https:\/\/api.w.org\/{rel}","templated":true}]}}